{"id":1188,"date":"2019-01-27T21:43:41","date_gmt":"2019-01-27T20:43:41","guid":{"rendered":"http:\/\/lucidstudio.de\/?page_id=1188"},"modified":"2019-01-27T22:37:56","modified_gmt":"2019-01-27T21:37:56","slug":"cnc","status":"publish","type":"page","link":"http:\/\/lucidstudio.de\/?page_id=1188","title":{"rendered":"CNC"},"content":{"rendered":"\n<p><strong>Ableitung von G-Code-Ansteuerungsdaten aus Grasshopper f\u00fcr Rhino 3D f\u00fcr eine Hei\u00dfdrahtportalschneidemaschine<\/strong><\/p>\n\n\n\n<p><strong><br><\/strong><\/p>\n\n\n\n<figure class=\"wp-block-video\"><video height=\"720\" style=\"aspect-ratio: 1392 \/ 720;\" width=\"1392\" controls src=\"https:\/\/lucidstudio.de\/wp-content\/uploads\/2019\/01\/hotwire-test.mp4\"><\/video><\/figure>\n\n\n\n<div class=\"wp-block-file\"><a href=\"https:\/\/lucidstudio.de\/wp-content\/uploads\/2019\/01\/hotwire-g-code-testexport-grasshopper.txt\"><br>Hotwire G-Code Testexport-Daten aus Grasshopper<\/a><a href=\"https:\/\/lucidstudio.de\/wp-content\/uploads\/2019\/01\/hotwire-g-code-testexport-grasshopper.txt\" class=\"wp-block-file__button\" download>Herunterladen<\/a><\/div>\n\n\n\n<div class=\"wp-block-file\"><a href=\"https:\/\/lucidstudio.de\/wp-content\/uploads\/2019\/01\/GCodeCreator-wip.zip\">Grasshopper-Script G-Code-Creator<\/a><a href=\"https:\/\/lucidstudio.de\/wp-content\/uploads\/2019\/01\/GCodeCreator-wip.zip\" class=\"wp-block-file__button\" download>Herunterladen<\/a><\/div>\n\n\n\n<div class=\"wp-block-file\"><a href=\"https:\/\/lucidstudio.de\/wp-content\/uploads\/2019\/01\/Testgeometrie.zip\">Testgeometrie<\/a><a href=\"https:\/\/lucidstudio.de\/wp-content\/uploads\/2019\/01\/Testgeometrie.zip\" class=\"wp-block-file__button\" download>Herunterladen<\/a><\/div>\n\n\n\n<figure class=\"wp-block-video\"><video height=\"720\" style=\"aspect-ratio: 1280 \/ 720;\" width=\"1280\" controls src=\"https:\/\/lucidstudio.de\/wp-content\/uploads\/2019\/01\/hotwire-test-3d.mp4\"><\/video><\/figure>\n\n\n\n<figure class=\"wp-block-video\"><video height=\"720\" style=\"aspect-ratio: 1280 \/ 720;\" width=\"1280\" controls src=\"https:\/\/lucidstudio.de\/wp-content\/uploads\/2019\/01\/hotwire-test-3d-2.mp4\"><\/video><\/figure>\n\n\n\n<p><br><\/p>\n","protected":false},"excerpt":{"rendered":"<p>Ableitung von G-Code-Ansteuerungsdaten aus Grasshopper f\u00fcr Rhino 3D f\u00fcr eine Hei\u00dfdrahtportalschneidemaschine<\/p>\n","protected":false},"author":1,"featured_media":0,"parent":0,"menu_order":0,"comment_status":"closed","ping_status":"closed","template":"","meta":{"footnotes":""},"class_list":["post-1188","page","type-page","status-publish","hentry"],"_links":{"self":[{"href":"http:\/\/lucidstudio.de\/index.php?rest_route=\/wp\/v2\/pages\/1188","targetHints":{"allow":["GET"]}}],"collection":[{"href":"http:\/\/lucidstudio.de\/index.php?rest_route=\/wp\/v2\/pages"}],"about":[{"href":"http:\/\/lucidstudio.de\/index.php?rest_route=\/wp\/v2\/types\/page"}],"author":[{"embeddable":true,"href":"http:\/\/lucidstudio.de\/index.php?rest_route=\/wp\/v2\/users\/1"}],"replies":[{"embeddable":true,"href":"http:\/\/lucidstudio.de\/index.php?rest_route=%2Fwp%2Fv2%2Fcomments&post=1188"}],"version-history":[{"count":10,"href":"http:\/\/lucidstudio.de\/index.php?rest_route=\/wp\/v2\/pages\/1188\/revisions"}],"predecessor-version":[{"id":1233,"href":"http:\/\/lucidstudio.de\/index.php?rest_route=\/wp\/v2\/pages\/1188\/revisions\/1233"}],"wp:attachment":[{"href":"http:\/\/lucidstudio.de\/index.php?rest_route=%2Fwp%2Fv2%2Fmedia&parent=1188"}],"curies":[{"name":"wp","href":"https:\/\/api.w.org\/{rel}","templated":true}]}}