{"id":498,"date":"2014-10-06T21:57:39","date_gmt":"2014-10-06T19:57:39","guid":{"rendered":"http:\/\/lucidstudio.de\/?page_id=498"},"modified":"2016-11-07T18:29:17","modified_gmt":"2016-11-07T17:29:17","slug":"nieder-tor-alternativen","status":"publish","type":"page","link":"http:\/\/lucidstudio.de\/?page_id=498","title":{"rendered":"Nieder Tor &#8211; Alternativen"},"content":{"rendered":"<p><strong>2016<\/strong><br \/>\n<strong>Mischverkehrsl\u00f6sung nach dem Berner Modell<\/strong><br \/>\n[pdf-embedder url=&#8220;http:\/\/lucidstudio.de\/wp-content\/uploads\/2016\/11\/Nieder-Tor-Mischverkehrsl\u00f6sung-Berner-Modell.pdf&#8220; height=&#8220;500&#8243;]<br \/>\n<a href=\"http:\/\/lucidstudio.de\/wp-content\/uploads\/2016\/11\/Nieder-Tor-Mischverkehrsl\u00f6sung-Berner-Modell.pdf\">In neuem Tab \u00f6ffnen<\/a><br \/>\n&nbsp;<\/p>\n<p><strong>2014\/15<\/strong><br \/>\n<strong>Mischverkehrsl\u00f6sung &#8211; Alternative 1 &#8211; Update 25.12.2015<\/strong><br \/>\n[pdf-embedder url=&#8220;http:\/\/lucidstudio.de\/wp-content\/uploads\/2015\/12\/Mischverkehrsl\u00f6sung-1-Stadtteilmobilit\u00e4t-2025.pdf&#8220; height=&#8220;500&#8243;]<br \/>\n<a href=\"http:\/\/lucidstudio.de\/wp-content\/uploads\/2015\/12\/Mischverkehrsl\u00f6sung-1-Stadtteilmobilit\u00e4t-2025.pdf\">In neuem Tab \u00f6ffnen<\/a><br \/>\n&nbsp;<\/p>\n<p><strong>Mischverkehrsl\u00f6sung &#8211; Alternative 2<\/strong><br \/>\n[pdf-embedder url=&#8220;http:\/\/lucidstudio.de\/wp-content\/uploads\/2014\/04\/Alternativplanung-2e-Stadtteilmobilit\u00e4t-2051.pdf&#8220;]<br \/>\n<a href=\"http:\/\/lucidstudio.de\/wp-content\/uploads\/2014\/04\/Alternativplanung-2e-Stadtteilmobilit\u00e4t-2051.pdf\">In neuem Tab \u00f6ffnen<\/a><br \/>\n&nbsp;<\/p>\n<p><strong>Prinzipskizzen aus der Fachliteratur<\/strong> <a href=\"http:\/\/lucidstudio.de\/wp-content\/uploads\/2015\/12\/Abb34.pdf\">  &#8211; In neuem Tab \u00f6ffnen<\/a><br \/>\n[pdf-embedder url=&#8220;http:\/\/lucidstudio.de\/wp-content\/uploads\/2015\/12\/Abb34.pdf&#8220;]<\/p>\n","protected":false},"excerpt":{"rendered":"<p>2016 Mischverkehrsl\u00f6sung nach dem Berner Modell [pdf-embedder url=&#8220;http:\/\/lucidstudio.de\/wp-content\/uploads\/2016\/11\/Nieder-Tor-Mischverkehrsl\u00f6sung-Berner-Modell.pdf&#8220; height=&#8220;500&#8243;] In neuem Tab \u00f6ffnen &nbsp; 2014\/15 Mischverkehrsl\u00f6sung &#8211; Alternative 1 &#8211; Update 25.12.2015 [pdf-embedder url=&#8220;http:\/\/lucidstudio.de\/wp-content\/uploads\/2015\/12\/Mischverkehrsl\u00f6sung-1-Stadtteilmobilit\u00e4t-2025.pdf&#8220; height=&#8220;500&#8243;] In neuem Tab \u00f6ffnen &nbsp; Mischverkehrsl\u00f6sung &#8211; Alternative 2 [pdf-embedder url=&#8220;http:\/\/lucidstudio.de\/wp-content\/uploads\/2014\/04\/Alternativplanung-2e-Stadtteilmobilit\u00e4t-2051.pdf&#8220;] In neuem Tab \u00f6ffnen &nbsp; Prinzipskizzen aus der Fachliteratur &#8211; In neuem Tab \u00f6ffnen [pdf-embedder url=&#8220;http:\/\/lucidstudio.de\/wp-content\/uploads\/2015\/12\/Abb34.pdf&#8220;]<\/p>\n","protected":false},"author":1,"featured_media":0,"parent":0,"menu_order":0,"comment_status":"open","ping_status":"open","template":"","meta":{"footnotes":""},"class_list":["post-498","page","type-page","status-publish","hentry"],"_links":{"self":[{"href":"http:\/\/lucidstudio.de\/index.php?rest_route=\/wp\/v2\/pages\/498","targetHints":{"allow":["GET"]}}],"collection":[{"href":"http:\/\/lucidstudio.de\/index.php?rest_route=\/wp\/v2\/pages"}],"about":[{"href":"http:\/\/lucidstudio.de\/index.php?rest_route=\/wp\/v2\/types\/page"}],"author":[{"embeddable":true,"href":"http:\/\/lucidstudio.de\/index.php?rest_route=\/wp\/v2\/users\/1"}],"replies":[{"embeddable":true,"href":"http:\/\/lucidstudio.de\/index.php?rest_route=%2Fwp%2Fv2%2Fcomments&post=498"}],"version-history":[{"count":30,"href":"http:\/\/lucidstudio.de\/index.php?rest_route=\/wp\/v2\/pages\/498\/revisions"}],"predecessor-version":[{"id":1010,"href":"http:\/\/lucidstudio.de\/index.php?rest_route=\/wp\/v2\/pages\/498\/revisions\/1010"}],"wp:attachment":[{"href":"http:\/\/lucidstudio.de\/index.php?rest_route=%2Fwp%2Fv2%2Fmedia&parent=498"}],"curies":[{"name":"wp","href":"https:\/\/api.w.org\/{rel}","templated":true}]}}