{"id":72,"date":"2014-04-12T18:38:48","date_gmt":"2014-04-12T16:38:48","guid":{"rendered":"http:\/\/lucidstudio.de\/?page_id=72"},"modified":"2018-05-31T18:38:41","modified_gmt":"2018-05-31T16:38:41","slug":"haftungsausschluss","status":"publish","type":"page","link":"http:\/\/lucidstudio.de\/?page_id=72","title":{"rendered":"Hinweise"},"content":{"rendered":"<h3>Impressum<\/h3>\n<p>Verantwortlicher Herausgeber: Ante Ljubas<br \/>\nKontakt: <a href=\"mailto:ante.ljubas@gmail.com\">ante.ljubas@gmail.com<\/a><\/p>\n<p><b>Rechtliche Hinweise<\/b><br \/>\nIch pr\u00fcfe und aktualisiere laufend die Informationen auf meiner Webseite. Trotz aller Sorgfalt k\u00f6nnen sich die Daten zwischenzeitlich ver\u00e4ndern. Eine Haftung oder Garantie f\u00fcr die Aktualit\u00e4t, Richtigkeit und Vollst\u00e4ndigkeit der zur Verf\u00fcgung gestellten Informationen wird daher nicht \u00fcbernommen. Gleiches gilt auch f\u00fcr alle anderen Websites, auf die mittels Hyperlink verwiesen wird. Ich bin f\u00fcr den Inhalt der Webseiten, die aufgrund einer solchen oder \u00e4hnlichen Verbindung erreicht werden, nicht verantwortlich. Des weiteren behalte ich mir vor, jederzeit \u00c4nderungen oder Erg\u00e4nzungen der bereitgestellten Informationen vorzunehmen.<\/p>\n<p>&nbsp;<\/p>\n<h3>Datenschutz<\/h3>\n<p>Ihr Vertrauen ist uns wichtig. Deshalb respektieren wir den Datenschutz und informieren Sie \u00fcber die erhobenen und gespeicherten Daten und Ihre Rechte auf Auskunft, Berichtigung, Sperrung und L\u00f6schung.<\/p>\n<p><b>1. Datenerhebung und -speicherung<\/b><br \/>\nWenn eine Webseite besucht wird, sendet der Browser grunds\u00e4tzlich Informationen \u00fcber Browsertyp und Browserversion, das verwandte Betriebssystem, die Referrer-URL, die IP-Adresse, den Dateinamen, den Zugriffsstatus, die \u00fcbertragene Datenmenge, das Datum und die Uhrzeit der Serveranfrage. Diese Daten sind weder einer Person noch anderen Datenquellen zuzuordnen und werden zun\u00e4chst gespeichert und nach einer statistischen Auswertung gel\u00f6scht.<\/p>\n<p><b>2. Cookies<\/b><br \/>\n[cookie_declaration]<\/p>\n<p><b>3. Auskunft, Berichtigung, Sperrung und L\u00f6schung<\/b><br \/>\nPersonenbezogene Daten werden nur mit Ihrer Einwilligung zur Beantwortung von Anfragen, Abwicklung von Vertr\u00e4gen und der technischen Administration erhoben und f\u00fcr Dritte unzug\u00e4nglich gespeichert. Eine Weitergabe der Daten an Dritte erfolgt nur zum Zweck der Vertragsabwicklung bzw. bei Ihrer Einwilligung, welche jederzeit widerrufen werden kann. Eine Weitergabe oder ein Verkauf der personenbezogenen Daten findet nicht statt.<br \/>\nJederzeit kann von Ihnen Auskunft \u00fcber die gespeicherten Daten, den Zweck der Speicherung und deren Herkunft verlangt werden. Zus\u00e4tzlich besteht nach Ma\u00dfgabe der gesetzlichen Bestimmungen ein Recht auf Berichtigung, Sperrung und L\u00f6schung der personenbezogenen Daten. Eine entsprechende Anfrage bzw. ein Begehren nach Berichtigung, Sperrung oder L\u00f6schung der personenbezogenen Daten ist \u00fcber die auf der Webseite genannten Kontaktdaten m\u00f6glich.<\/p>\n<p>Quelle und weitere Informationen: <a href=\"http:\/\/www.justlaw.de\">just law Rechtsanw\u00e4lte G\u00f6ttingen<\/a><br \/>\nQuelle Cookie-Deklaration: <a href=\"https:\/\/www.cookiebot.com\/de\/\">Cookiebot<\/a><\/p>\n","protected":false},"excerpt":{"rendered":"<p>Impressum Verantwortlicher Herausgeber: Ante Ljubas Kontakt: ante.ljubas@gmail.com Rechtliche Hinweise Ich pr\u00fcfe und aktualisiere laufend die Informationen auf meiner Webseite. Trotz aller Sorgfalt k\u00f6nnen sich die Daten zwischenzeitlich ver\u00e4ndern. Eine Haftung oder Garantie f\u00fcr die Aktualit\u00e4t, Richtigkeit und Vollst\u00e4ndigkeit der zur Verf\u00fcgung gestellten Informationen wird daher nicht \u00fcbernommen. Gleiches gilt auch f\u00fcr alle anderen Websites, auf die mittels Hyperlink verwiesen wird. Ich bin f\u00fcr den Inhalt der Webseiten, die aufgrund einer solchen oder \u00e4hnlichen Verbindung erreicht werden, nicht verantwortlich. Des weiteren behalte ich mir vor, jederzeit \u00c4nderungen oder Erg\u00e4nzungen der bereitgestellten Informationen vorzunehmen. &nbsp; Datenschutz Ihr Vertrauen ist uns wichtig. Deshalb respektieren wir den Datenschutz und informieren Sie \u00fcber die erhobenen und gespeicherten Daten und Ihre Rechte auf Auskunft, Berichtigung, Sperrung und L\u00f6schung. 1. Datenerhebung und -speicherung Wenn eine Webseite besucht wird, sendet der Browser grunds\u00e4tzlich Informationen \u00fcber Browsertyp und Browserversion, das verwandte Betriebssystem, die Referrer-URL, die IP-Adresse, den Dateinamen, den Zugriffsstatus, die \u00fcbertragene Datenmenge, das Datum und die Uhrzeit der Serveranfrage. Diese Daten sind weder einer Person noch anderen Datenquellen zuzuordnen und werden zun\u00e4chst gespeichert und nach einer statistischen Auswertung gel\u00f6scht. 2. Cookies [cookie_declaration] 3. Auskunft, Berichtigung, Sperrung und L\u00f6schung Personenbezogene Daten werden nur mit Ihrer Einwilligung zur Beantwortung von [&hellip;]<\/p>\n","protected":false},"author":1,"featured_media":0,"parent":0,"menu_order":0,"comment_status":"open","ping_status":"open","template":"","meta":{"footnotes":""},"class_list":["post-72","page","type-page","status-publish","hentry"],"_links":{"self":[{"href":"http:\/\/lucidstudio.de\/index.php?rest_route=\/wp\/v2\/pages\/72","targetHints":{"allow":["GET"]}}],"collection":[{"href":"http:\/\/lucidstudio.de\/index.php?rest_route=\/wp\/v2\/pages"}],"about":[{"href":"http:\/\/lucidstudio.de\/index.php?rest_route=\/wp\/v2\/types\/page"}],"author":[{"embeddable":true,"href":"http:\/\/lucidstudio.de\/index.php?rest_route=\/wp\/v2\/users\/1"}],"replies":[{"embeddable":true,"href":"http:\/\/lucidstudio.de\/index.php?rest_route=%2Fwp%2Fv2%2Fcomments&post=72"}],"version-history":[{"count":12,"href":"http:\/\/lucidstudio.de\/index.php?rest_route=\/wp\/v2\/pages\/72\/revisions"}],"predecessor-version":[{"id":1114,"href":"http:\/\/lucidstudio.de\/index.php?rest_route=\/wp\/v2\/pages\/72\/revisions\/1114"}],"wp:attachment":[{"href":"http:\/\/lucidstudio.de\/index.php?rest_route=%2Fwp%2Fv2%2Fmedia&parent=72"}],"curies":[{"name":"wp","href":"https:\/\/api.w.org\/{rel}","templated":true}]}}