{"id":756,"date":"2015-12-23T18:26:22","date_gmt":"2015-12-23T17:26:22","guid":{"rendered":"http:\/\/lucidstudio.de\/?page_id=756"},"modified":"2018-12-01T13:20:10","modified_gmt":"2018-12-01T12:20:10","slug":"buergerseite-nieder-tor","status":"publish","type":"page","link":"http:\/\/lucidstudio.de\/?page_id=756","title":{"rendered":"B\u00fcrgerseite &#8211; Nieder Tor"},"content":{"rendered":"<p><span style=\"color: #800000;\"><strong>STADTGESCHICHTE<\/strong><\/span><\/p>\n<p>Pr\u00e4sentation zur urspr\u00fcnglichen Gestalt der Mainzer Landstra\u00dfe &#8211; <a href=\"http:\/\/lucidstudio.de\/?page_id=761\"><span style=\"color: #0000ff;\">Link<\/span><\/a><\/p>\n<hr \/>\n<p><span style=\"color: #800000;\"><strong>ANALYSEN<\/strong><\/span><\/p>\n<hr \/>\n<p><strong><span style=\"color: #800000;\">Zul\u00e4ssige Verkehrsst\u00e4rke bei stra\u00dfenb\u00fcndigen Stra\u00dfenbahnk\u00f6rpern<\/span><\/strong><\/p>\n<p>Aus: Verkehrsqualit\u00e4tsstufenkonzepte f\u00fcr Hauptverkehrsstra\u00dfen mit stra\u00dfenb\u00fcndigen Stadt-\/Stra\u00dfenbahnk\u00f6rpern (S.82) &#8211; <a href=\"https:\/\/bast.opus.hbz-nrw.de\/opus45-bast\/frontdoor\/deliver\/index\/docId\/192\/file\/V182.pdf\"><span style=\"color: #0000ff;\">Link<\/span><\/a><\/p>\n<p>&#8222;Einsatzgrenzen stra\u00dfenb\u00fcndiger Stadt-\/Stra\u00dfenbahnk\u00f6rper: [&#8230;] Auf zweistreifigen Streckenabschnitten k\u00f6nnen Stadt-\/Stra\u00dfenbahnen bei Verkehrsst\u00e4rken q von bis zu rund 1.000 Kfz\/(h x Ri) weitgehend st\u00f6rungsfrei im Mischverkehr gef\u00fchrt werden, vorausgesetzt Halte-, Liefer- und Ladevorg\u00e4nge auf der Fahrbahn werden unterbunden. Linksabbiegevorg\u00e4nge auf der Strecke machen sich erst ab einer Kraftfahrzeugverkehrsst\u00e4rke q von etwa 1.000 Kfz\/(h x Ri) bemerkbar, dann jedoch sp\u00fcrbar.&#8220; &#8211; <a href=\"https:\/\/bast.opus.hbz-nrw.de\/opus45-bast\/frontdoor\/deliver\/index\/docId\/192\/file\/V182.pdf\"><span style=\"color: #0000ff;\">Link<\/span><\/a><\/p>\n<p>Vergleiche hierzu: Verkehrsz\u00e4hlung der Stadt Frankfurt vom Oktober 2009 und daraus ermittelte Bemessungsverkehrsst\u00e4rke ca. 489 (+-25) Kfz\/(h x Ri) im Abschnitt Nied Kirche\/Birminghamstra\u00dfe &#8211; <a href=\"http:\/\/www.stvv.frankfurt.de\/PARLISLINK\/DDW?W=DOK_NAME=%27ST_517_2010%27\"><span style=\"color: #0000ff;\">Verkehrsz\u00e4hlung<\/span><\/a> | <a href=\"https:\/\/de.wikipedia.org\/wiki\/Verkehrsst%C3%A4rke\"><span style=\"color: #0000ff;\">Rechenweg<\/span><\/a><\/p>\n<p>Schlussfolgerung: Der Abschnitt Nied Kirche\/Birminghamstra\u00dfe kann mehr als das doppelte der aktuellen Verkehrsst\u00e4rke und trotzdem einen stra\u00dfenb\u00fcndigen Stra\u00dfenbahnk\u00f6rpern (Mischverkehr) weitgehend st\u00f6rungsfrei vertragen.<\/p>\n<hr \/>\n<p><strong><span style=\"color: #800000;\">Gefahrenstellen<\/span><br \/>\n<\/strong><\/p>\n<p>Gefahrenstelle Mainzer Landstra\u00dfe (Stra\u00dfenverkehrsunf\u00e4lle 2011\/12 &#8211; Anlage 2 &#8211; Seite 6) &#8211; <a href=\"http:\/\/www.stvv.frankfurt.de\/parlisobj\/B_98_2014_AN25-46.pdf\"><span style=\"color: #0000ff;\">Link<\/span><\/a><\/p>\n<p>Gefahrenstelle Luthmerstra\u00dfe &#8211; <span style=\"color: #0000ff;\"><a style=\"color: #0000ff;\" href=\"http:\/\/www.fr.de\/frankfurt\/toedlicher-unfall-rollstuhlfahrerin-von-strassenbahn-erfasst-a-404770\">Link<\/a><\/span><\/p>\n<hr \/>\n<p><span style=\"color: #800000;\"><strong>Analysen zur vorgestellten Planung<\/strong><\/span><\/p>\n<p>Planungsanalyse zum Informationsgespr\u00e4ch mit Vertretern von traffiQ und vgf vom April 2014 &#8211; <a href=\"http:\/\/lucidstudio.de\/?page_id=367\"><span style=\"color: #0000ff;\">Link<\/span><\/a> |<a href=\"http:\/\/lucidstudio.de\/wp-content\/uploads\/2015\/12\/traffiQ_vgf-140415-1.pdf\"><span style=\"color: #0000ff;\">Download<\/span><\/a><\/p>\n<p>Vertiefte Planungsanalyse zur Vorstellung im Verkehrsausschuss der CDU im R\u00f6mer vom Dezember 2014 &#8211; <a href=\"http:\/\/lucidstudio.de\/?page_id=534\"><span style=\"color: #0000ff;\">Link<\/span><\/a> | <a href=\"http:\/\/lucidstudio.de\/wp-content\/uploads\/2017\/07\/Nachlese-zum-Vortrag-im-Verkehrsauschuss.pdf\"><span style=\"color: #0000ff;\">Download<\/span><\/a><\/p>\n<hr \/>\n<p><span style=\"color: #800000;\"><strong>PLANUNGSANS\u00c4TZE<\/strong><\/span><\/p>\n<hr \/>\n<p><strong><span style=\"color: #800000;\">Vorschl\u00e4ge<\/span><br \/>\n<\/strong><br \/>\nUnsere Vorschl\u00e4ge und die Prinzipien einer Mischverkehrsl\u00f6sung &#8211; <span style=\"color: #0000ff;\"><a style=\"color: #0000ff;\" href=\"http:\/\/lucidstudio.de\/?page_id=498\">Link<\/a><\/span><\/p>\n<hr \/>\n<p><span style=\"color: #800000;\"><strong>Referenzprojekte\/-verfahren<\/strong><\/span><\/p>\n<p>Vorbildliche Verkehrsberuhigung der Seftigenstra\u00dfe in Wabern (Schweiz) &#8211;<span style=\"color: #0000ff;\"><a style=\"color: #0000ff;\" href=\"https:\/\/www.zg.ch\/behoerden\/baudirektion\/tiefbauamt\/aktuelle-projekte\/umfahrung-cham-huenenberg\/b.-oeffentliche-mitwirkung\/exkursion-raum-bern-kurzberichte\/seftigenstrasse-2.pdf\"> Link 1<\/a><\/span>| <a href=\"https:\/\/www.fvv.tuwien.ac.at\/fileadmin\/_migrated\/content_uploads\/BernerModell_Elend__El_Sanadidy__Pumberger_02.pdf\"><span style=\"color: #0000ff;\">Link 2<\/span><\/a>| <span style=\"color: #0000ff;\"><a style=\"color: #0000ff;\" href=\"https:\/\/youtu.be\/HzzG4-aRYns\">Video 1<\/a><\/span>| <a href=\"https:\/\/youtu.be\/ykuQgIETYNE\"><span style=\"color: #0000ff;\">Video 2<\/span><\/a>| <a href=\"https:\/\/youtu.be\/imeO7BIUsJM\"><span style=\"color: #0000ff;\">Video 3<\/span><\/a>| <a href=\"https:\/\/youtu.be\/gC9lBlX2Azw\"><span style=\"color: #0000ff;\">Video 4<\/span><\/a><\/p>\n<p>Vorbildliche Verkehrsberuhigung Duisburger Opernplatz &#8211;\u00a0<a href=\"http:\/\/lucidstudio.de\/?page_id=831\"><span style=\"color: #0000ff;\">Link 1<\/span><\/a>| <a href=\"http:\/\/www.fuss-ev.de\/73-themen\/planungsgrundlagen-fuer-den-fussverkehr\/202-verkehrsberuhigter-bereich-mit-rekordverkehrsmenge-in-duisburg.html\"><span style=\"color: #0000ff;\">Link 2<\/span><\/a><\/p>\n<p>Nachhaltige Gestaltung von Verkehrsr\u00e4umen im Siedlungsbereich (Schweiz) &#8211; <a href=\"https:\/\/www.bafu.admin.ch\/bafu\/de\/home\/themen\/luft\/publikationen-studien\/publikationen\/nachhaltige-gestaltung-verkehrsraeumen-siedlungsbereich.html\"><span style=\"color: #0000ff;\">Link<\/span><\/a><\/p>\n<p>Mehr zum Berner Modell &#8211; eine Vorgehens- und Planungsphilosophie &#8211; Koexistenz statt Dominanz &#8211; <a href=\"https:\/\/de.wikipedia.org\/wiki\/Berner_Modell\"><span style=\"color: #0000ff;\">Link 1<\/span><\/a>| <a href=\"http:\/\/www.bve.be.ch\/bve\/de\/index\/strassen\/strassen\/berner_modell.html\"><span style=\"color: #0000ff;\">Link 2<\/span><\/a><\/p>\n<p><iframe loading=\"lazy\" src=\"https:\/\/www.youtube.com\/embed\/9f1ILQWwSXM?autoplay=0&amp;fs=1&amp;iv_load_policy=3&amp;showinfo=0&amp;rel=0&amp;cc_load_policy=0&amp;start=0&amp;end=0&amp;origin=https:\/\/youtubeembedcode.com\" width=\"788.54\" height=\"443\" frameborder=\"0\" marginwidth=\"0\" marginheight=\"0\" scrolling=\"no\"><\/p>\n<div><small><a href=\"http:\/\/youtubeembedcode.com\/de\/\">YouTube video einbetten auf Ihren Webseite<\/a><\/small><\/div>\n<div><small><a href=\"https:\/\/sparpedia.ch\/deindeal\/\">Deindeal<\/a><\/small><\/div>\n<p><\/iframe><\/p>\n<hr \/>\n<p><strong><span style=\"color: #800000;\">STELLUNGNAHMEN<\/span><br \/>\n<\/strong><br \/>\nvom 23.12.2015 an die politischen Vertreter und Presse &#8211; <a href=\"http:\/\/lucidstudio.de\/wp-content\/uploads\/2015\/12\/Stellungnahme-Verkehr-in-Nied-Ideen-f%C3%BCr-Nied.pdf\"><span style=\"color: #0000ff;\">Link<\/span><\/a><br \/>\nvom 05.09.2014 an die Dezernenten Cunitz und Majer &#8211; <a href=\"http:\/\/lucidstudio.de\/wp-content\/uploads\/2014\/04\/Stellungnahme_140905_analog.pdf\"><span style=\"color: #0000ff;\">Link<\/span><\/a><br \/>\nvom 16.05.2009 an OB Petra Roth &#8211; <a href=\"http:\/\/lucidstudio.de\/wp-content\/uploads\/2015\/12\/Offener-Brief-an-OB-Roth-16.05.2009.pdf\"><span style=\"color: #0000ff;\">Link<\/span><\/a><\/p>\n<hr \/>\n<p><span style=\"color: #800000;\"><strong><em>MEHR \u00dcBER IDEEN F\u00dcR NIED<\/em><\/strong><\/span><\/p>\n<p>Die offizielle Startseite des Arbeitskreises <em>Ideen f\u00fcr Nied<\/em> findet sich unter <a href=\"http:\/\/ideen-fuer-nied.de\/\"><span style=\"color: #0000ff;\">www.ideen-fuer-nied.de<\/span><\/a> &#8211; derzeit im Relaunch<\/p>\n<hr \/>\n<p>[contact-form][contact-field label=&#8217;Name&#8216; type=&#8217;name&#8216; required=&#8217;1&#8217;\/][contact-field label=&#8217;E-Mail&#8216; type=&#8217;email&#8216; required=&#8217;1&#8217;\/][contact-field label=&#8217;Webseite&#8216; type=&#8217;url&#8217;\/][contact-field label=&#8217;Kommentar&#8216; type=&#8217;textarea&#8216; required=&#8217;1&#8217;\/][\/contact-form]<\/p>\n","protected":false},"excerpt":{"rendered":"<p>STADTGESCHICHTE Pr\u00e4sentation zur urspr\u00fcnglichen Gestalt der Mainzer Landstra\u00dfe &#8211; Link ANALYSEN Zul\u00e4ssige Verkehrsst\u00e4rke bei stra\u00dfenb\u00fcndigen Stra\u00dfenbahnk\u00f6rpern Aus: Verkehrsqualit\u00e4tsstufenkonzepte f\u00fcr Hauptverkehrsstra\u00dfen mit stra\u00dfenb\u00fcndigen Stadt-\/Stra\u00dfenbahnk\u00f6rpern (S.82) &#8211; Link &#8222;Einsatzgrenzen stra\u00dfenb\u00fcndiger Stadt-\/Stra\u00dfenbahnk\u00f6rper: [&#8230;] Auf zweistreifigen Streckenabschnitten k\u00f6nnen Stadt-\/Stra\u00dfenbahnen bei Verkehrsst\u00e4rken q von bis zu rund 1.000 Kfz\/(h x Ri) weitgehend st\u00f6rungsfrei im Mischverkehr gef\u00fchrt werden, vorausgesetzt Halte-, Liefer- und Ladevorg\u00e4nge auf der Fahrbahn werden unterbunden. Linksabbiegevorg\u00e4nge auf der Strecke machen sich erst ab einer Kraftfahrzeugverkehrsst\u00e4rke q von etwa 1.000 Kfz\/(h x Ri) bemerkbar, dann jedoch sp\u00fcrbar.&#8220; &#8211; Link Vergleiche hierzu: Verkehrsz\u00e4hlung der Stadt Frankfurt vom Oktober 2009 und daraus ermittelte Bemessungsverkehrsst\u00e4rke ca. 489 (+-25) Kfz\/(h x Ri) im Abschnitt Nied Kirche\/Birminghamstra\u00dfe &#8211; Verkehrsz\u00e4hlung | Rechenweg Schlussfolgerung: Der Abschnitt Nied Kirche\/Birminghamstra\u00dfe kann mehr als das doppelte der aktuellen Verkehrsst\u00e4rke und trotzdem einen stra\u00dfenb\u00fcndigen Stra\u00dfenbahnk\u00f6rpern (Mischverkehr) weitgehend st\u00f6rungsfrei vertragen. Gefahrenstellen Gefahrenstelle Mainzer Landstra\u00dfe (Stra\u00dfenverkehrsunf\u00e4lle 2011\/12 &#8211; Anlage 2 &#8211; Seite 6) &#8211; Link Gefahrenstelle Luthmerstra\u00dfe &#8211; Link Analysen zur vorgestellten Planung Planungsanalyse zum Informationsgespr\u00e4ch mit Vertretern von traffiQ und vgf vom April 2014 &#8211; Link |Download Vertiefte Planungsanalyse zur Vorstellung im Verkehrsausschuss der CDU im R\u00f6mer vom Dezember 2014 &#8211; Link | Download PLANUNGSANS\u00c4TZE Vorschl\u00e4ge Unsere Vorschl\u00e4ge und die Prinzipien einer Mischverkehrsl\u00f6sung &#8211; Link Referenzprojekte\/-verfahren [&hellip;]<\/p>\n","protected":false},"author":1,"featured_media":0,"parent":0,"menu_order":0,"comment_status":"closed","ping_status":"closed","template":"","meta":{"footnotes":""},"class_list":["post-756","page","type-page","status-publish","hentry"],"_links":{"self":[{"href":"http:\/\/lucidstudio.de\/index.php?rest_route=\/wp\/v2\/pages\/756","targetHints":{"allow":["GET"]}}],"collection":[{"href":"http:\/\/lucidstudio.de\/index.php?rest_route=\/wp\/v2\/pages"}],"about":[{"href":"http:\/\/lucidstudio.de\/index.php?rest_route=\/wp\/v2\/types\/page"}],"author":[{"embeddable":true,"href":"http:\/\/lucidstudio.de\/index.php?rest_route=\/wp\/v2\/users\/1"}],"replies":[{"embeddable":true,"href":"http:\/\/lucidstudio.de\/index.php?rest_route=%2Fwp%2Fv2%2Fcomments&post=756"}],"version-history":[{"count":73,"href":"http:\/\/lucidstudio.de\/index.php?rest_route=\/wp\/v2\/pages\/756\/revisions"}],"predecessor-version":[{"id":1125,"href":"http:\/\/lucidstudio.de\/index.php?rest_route=\/wp\/v2\/pages\/756\/revisions\/1125"}],"wp:attachment":[{"href":"http:\/\/lucidstudio.de\/index.php?rest_route=%2Fwp%2Fv2%2Fmedia&parent=756"}],"curies":[{"name":"wp","href":"https:\/\/api.w.org\/{rel}","templated":true}]}}