{"id":813,"date":"2015-12-26T17:26:58","date_gmt":"2015-12-26T16:26:58","guid":{"rendered":"http:\/\/lucidstudio.de\/?page_id=813"},"modified":"2017-01-10T19:46:29","modified_gmt":"2017-01-10T18:46:29","slug":"artikel","status":"publish","type":"page","link":"http:\/\/lucidstudio.de\/?page_id=813","title":{"rendered":"Artikel"},"content":{"rendered":"<p><a href=\"http:\/\/www.kreisblatt.de\/lokales\/main-taunus-kreis\/Buerger-Plaene-fuers-Nieder-Tor;art676,2398223\">B\u00fcrger-Pl\u00e4ne f\u00fcrs Nieder Tor 30.12.2016<\/a><\/p>\n<p><a href=\"http:\/\/www.genios.de\/presse-archiv\/artikel\/FNP\/20161021\/stadt-laesst-nied-haengen-plaene-ru\/3A017934DCE85A143000.html\">Stadt l\u00e4sst Nied h\u00e4ngen 21.10.2016<\/a><\/p>\n<p><a href=\"http:\/\/www.kreisblatt.de\/lokales\/main-taunus-kreis\/Nieder-lehnen-die-Plaene-ab;art676,1775255\">Nieder lehnen die Pl\u00e4ne ab 30.12.2015<\/a><\/p>\n<p><a href=\"http:\/\/www.kreisblatt.de\/lokales\/main-taunus-kreis\/Todesfalle-Fussgaenger-UEberweg;art676,1729981\">Todesfalle Fu\u00dfg\u00e4nger-\u00dcberweg 02.12.2015<\/a><\/p>\n<p><a href=\"http:\/\/www.kreisblatt.de\/lokales\/main-taunus-kreis\/Grossstaedtisch-bauen-in-Nied;art676,1721152\">\u00c4rger: Gro\u00dfst\u00e4dtisch Bauen in Nied 27.11.2015<\/a><\/p>\n<p><a href=\"http:\/\/www.fr-online.de\/frankfurt\/nied-platz-fuer-veranstaltungen,1472798,32651768.html\">Platz f\u00fcr Veranstaltungen 27.11.2015<\/a><\/p>\n<p><a href=\"http:\/\/www.fr-online.de\/frankfurt\/frankfurt-nied-konzepte-gesucht,1472798,30018400.html\">Konzepte gesucht 03.03.2015<\/a><\/p>\n<p><a href=\"http:\/\/www.kreisblatt.de\/lokales\/main-taunus-kreis\/Am-Nieder-Loch-bewegt-sich-was;art676,931992\">Am Nieder Loch bewegt sich was 10.07.2014<\/a><\/p>\n<p><a href=\"http:\/\/www.kreisblatt.de\/lokales\/main-taunus-kreis\/Diskussion-ums-Nieder-Tor;art676,914811\">Diskussion ums Nieder Tor 28.06.2014<\/a><\/p>\n<p><a href=\"http:\/\/www.kreisblatt.de\/lokales\/main-taunus\/Die-Nieder-wollen-mitreden;art676,722333,1#__\">Die Nieder wollen mitreden 04.01.2014<\/a><\/p>\n<p><a href=\"http:\/\/www.kreisblatt.de\/lokales\/main-taunus\/Es-wird-eng-am-Nieder-Tor;art676,705292\">Es wird eng am Nieder Tor 11.12.2013<\/a><\/p>\n<p><a href=\"http:\/\/www.kreisblatt.de\/lokales\/main-taunus-kreis\/Planungen-erst-ganz-am-Anfang;art676,669738\">Planungen erst ganz am Anfang 30.10.2013<\/a><\/p>\n<p><a href=\"http:\/\/www.taunus-zeitung.de\/lokales\/main-taunus\/Plaene-fuer-das-Nieder-Tor-fast-fertig;art676,657689\">Pl\u00e4ne f\u00fcr das Nieder Tor fast fertig 16.10.2013<\/a><\/p>\n<p><a href=\"http:\/\/www.nnp.de\/lokales\/main-taunus\/Lange-Staus-am-Nieder-Tor;art676,548444\">Lange Staus am Nieder Tor 08.06.2013<\/a><\/p>\n<p><a href=\"http:\/\/www.kreisblatt.de\/lokales\/main-taunus\/Strategiewechsel-am-Nieder-Tor;art676,517731\">Strategiewechsel am Nieder Tor 15.05.2013<\/a><\/p>\n<p><a href=\"http:\/\/www.fr-online.de\/stadtteil-portraets\/frankfurt-nied-bauprojekte-gehen-keinen-schritt-voran,8430636,21580990.html\">Bauprojekte gehen keinen Schritt voran 29.01.2013<\/a><\/p>\n<p><a href=\"http:\/\/www.badische-zeitung.de\/freiburg\/gesetzliche-foerderrichtlinien-erschweren-sinnvolle-stadtbahnprojekte--63438277.html\">Die suboptimalen Ergebnisse des GVFG in Freiburg 30.08.2012<\/a><\/p>\n<p><a href=\"http:\/\/www.fr-online.de\/stadtteil-portraets\/frankfurt-nied-zerschnitten-und-vergessen,8430636,11413238.html\">Zerschnitten und vergessen 10.01.2012<\/a><\/p>\n<p>Die Haltung des DtStGB zum Thema B\u00fcrgerbeteiligung 15.12.2011<br \/>\n[gview file=&#8220;http:\/\/www.dstgb.de\/dstgb\/Homepage\/Publikationen\/Positionspapiere\/B%C3%BCrgerbeteiligung%20modernisieren%20-%20Planungsverfahren%20beschleunigen%20-%20Abstimmungsdemokratie%20vermeiden\/B%C3%BCrgerbeteiligung%20modernisieren%2015%2012%202011.pdf&#8220; width=&#8220;100%&#8220; height=&#8220;1000px&#8220; save=&#8220;1&#8243;]<\/p>\n<p><a href=\"http:\/\/www.spiegel.de\/auto\/aktuell\/verkehrsplanung-euphorie-fuer-den-kreisel-a-323992.html\">Euphorie f\u00fcr den Kreisel 20.10.2004<br \/>\n&#8222;[&#8230;]Bei rund &#8218;der H\u00e4lfte&#8216; der Anfragen aus Kommunen oder von den L\u00e4ndern muss Kreiselgutachter Brilon von der runden Form abraten.[&#8230;]<\/a><\/p>\n","protected":false},"excerpt":{"rendered":"<p>B\u00fcrger-Pl\u00e4ne f\u00fcrs Nieder Tor 30.12.2016 Stadt l\u00e4sst Nied h\u00e4ngen 21.10.2016 Nieder lehnen die Pl\u00e4ne ab 30.12.2015 Todesfalle Fu\u00dfg\u00e4nger-\u00dcberweg 02.12.2015 \u00c4rger: Gro\u00dfst\u00e4dtisch Bauen in Nied 27.11.2015 Platz f\u00fcr Veranstaltungen 27.11.2015 Konzepte gesucht 03.03.2015 Am Nieder Loch bewegt sich was 10.07.2014 Diskussion ums Nieder Tor 28.06.2014 Die Nieder wollen mitreden 04.01.2014 Es wird eng am Nieder Tor 11.12.2013 Planungen erst ganz am Anfang 30.10.2013 Pl\u00e4ne f\u00fcr das Nieder Tor fast fertig 16.10.2013 Lange Staus am Nieder Tor 08.06.2013 Strategiewechsel am Nieder Tor 15.05.2013 Bauprojekte gehen keinen Schritt voran 29.01.2013 Die suboptimalen Ergebnisse des GVFG in Freiburg 30.08.2012 Zerschnitten und vergessen 10.01.2012 Die Haltung des DtStGB zum Thema B\u00fcrgerbeteiligung 15.12.2011 [gview file=&#8220;http:\/\/www.dstgb.de\/dstgb\/Homepage\/Publikationen\/Positionspapiere\/B%C3%BCrgerbeteiligung%20modernisieren%20-%20Planungsverfahren%20beschleunigen%20-%20Abstimmungsdemokratie%20vermeiden\/B%C3%BCrgerbeteiligung%20modernisieren%2015%2012%202011.pdf&#8220; width=&#8220;100%&#8220; height=&#8220;1000px&#8220; save=&#8220;1&#8243;] Euphorie f\u00fcr den Kreisel 20.10.2004 &#8222;[&#8230;]Bei rund &#8218;der H\u00e4lfte&#8216; der Anfragen aus Kommunen oder von den L\u00e4ndern muss Kreiselgutachter Brilon von der runden Form abraten.[&#8230;]<\/p>\n","protected":false},"author":1,"featured_media":0,"parent":0,"menu_order":0,"comment_status":"closed","ping_status":"closed","template":"","meta":{"footnotes":""},"class_list":["post-813","page","type-page","status-publish","hentry"],"_links":{"self":[{"href":"http:\/\/lucidstudio.de\/index.php?rest_route=\/wp\/v2\/pages\/813","targetHints":{"allow":["GET"]}}],"collection":[{"href":"http:\/\/lucidstudio.de\/index.php?rest_route=\/wp\/v2\/pages"}],"about":[{"href":"http:\/\/lucidstudio.de\/index.php?rest_route=\/wp\/v2\/types\/page"}],"author":[{"embeddable":true,"href":"http:\/\/lucidstudio.de\/index.php?rest_route=\/wp\/v2\/users\/1"}],"replies":[{"embeddable":true,"href":"http:\/\/lucidstudio.de\/index.php?rest_route=%2Fwp%2Fv2%2Fcomments&post=813"}],"version-history":[{"count":13,"href":"http:\/\/lucidstudio.de\/index.php?rest_route=\/wp\/v2\/pages\/813\/revisions"}],"predecessor-version":[{"id":1047,"href":"http:\/\/lucidstudio.de\/index.php?rest_route=\/wp\/v2\/pages\/813\/revisions\/1047"}],"wp:attachment":[{"href":"http:\/\/lucidstudio.de\/index.php?rest_route=%2Fwp%2Fv2%2Fmedia&parent=813"}],"curies":[{"name":"wp","href":"https:\/\/api.w.org\/{rel}","templated":true}]}}